{"id":146,"date":"2025-11-18T19:07:16","date_gmt":"2025-11-18T19:07:16","guid":{"rendered":"https:\/\/carniceriagarcia.com\/?page_id=146"},"modified":"2025-11-18T19:18:26","modified_gmt":"2025-11-18T19:18:26","slug":"aviso-legal","status":"publish","type":"page","link":"https:\/\/carniceriagarcia.com\/index.php\/aviso-legal\/","title":{"rendered":"AVISO LEGAL"},"content":{"rendered":"<p>[et_pb_section fb_built=\u00bb1&#8243; custom_padding_last_edited=\u00bbon|phone\u00bb _builder_version=\u00bb4.27.4&#8243; _module_preset=\u00bbdefault\u00bb use_background_color_gradient=\u00bbon\u00bb background_color_gradient_stops=\u00bbrgba(0,0,0,0.68) 0%|rgba(0,0,0,0.42) 99%\u00bb background_color_gradient_overlays_image=\u00bbon\u00bb background_image=\u00bbhttps:\/\/carniceriagarcia.com\/wp-content\/uploads\/2025\/11\/supermercado-garcia-18.jpg\u00bb custom_padding=\u00bb155px||218px||false|false\u00bb custom_padding_tablet=\u00bb155px||218px||false|false\u00bb custom_padding_phone=\u00bb131px||131px||false|false\u00bb global_colors_info=\u00bb{}\u00bb][et_pb_row _builder_version=\u00bb4.27.4&#8243; _module_preset=\u00bbdefault\u00bb custom_padding=\u00bb4px|||||\u00bb global_colors_info=\u00bb{}\u00bb][et_pb_column type=\u00bb4_4&#8243; _builder_version=\u00bb4.27.4&#8243; _module_preset=\u00bbdefault\u00bb global_colors_info=\u00bb{}\u00bb][et_pb_text _builder_version=\u00bb4.27.4&#8243; _module_preset=\u00bbdefault\u00bb text_font=\u00bbJosefin Sans|700|||||||\u00bb text_text_color=\u00bb#FFFFFF\u00bb text_font_size=\u00bb77px\u00bb text_line_height=\u00bb1.2em\u00bb text_orientation=\u00bbcenter\u00bb custom_padding=\u00bb3px|100px||100px|false|true\u00bb custom_padding_tablet=\u00bb|100px||100px|false|true\u00bb custom_padding_phone=\u00bb|0px||0px|false|true\u00bb custom_padding_last_edited=\u00bbon|phone\u00bb text_font_size_tablet=\u00bb77px\u00bb text_font_size_phone=\u00bb52px\u00bb text_font_size_last_edited=\u00bbon|phone\u00bb global_colors_info=\u00bb{}\u00bb]<\/p>\n<p>Carnicer\u00eda Garc\u00eda<\/p>\n<p>[\/et_pb_text][et_pb_text _builder_version=\u00bb4.27.4&#8243; _module_preset=\u00bbdefault\u00bb text_font=\u00bbJosefin Sans|700|||||||\u00bb text_text_color=\u00bb#FFFFFF\u00bb text_font_size=\u00bb34px\u00bb text_line_height=\u00bb1.2em\u00bb text_orientation=\u00bbcenter\u00bb custom_padding=\u00bb|100px||100px|false|true\u00bb custom_padding_tablet=\u00bb|100px||100px|false|true\u00bb custom_padding_phone=\u00bb|12px||12px|false|true\u00bb custom_padding_last_edited=\u00bbon|phone\u00bb text_font_size_tablet=\u00bb77px\u00bb text_font_size_phone=\u00bb40px\u00bb text_font_size_last_edited=\u00bbon|phone\u00bb global_colors_info=\u00bb{}\u00bb]<\/p>\n<p>AVISO LEGAL<\/p>\n<p>[\/et_pb_text][\/et_pb_column][\/et_pb_row][\/et_pb_section][et_pb_section fb_built=\u00bb1&#8243; custom_padding_last_edited=\u00bbon|phone\u00bb _builder_version=\u00bb4.27.4&#8243; _module_preset=\u00bbdefault\u00bb background_enable_color=\u00bboff\u00bb custom_padding=\u00bb95px||93px|||\u00bb custom_padding_tablet=\u00bb95px||93px|||\u00bb custom_padding_phone=\u00bb38px||46px||false|false\u00bb global_colors_info=\u00bb{}\u00bb][et_pb_row _builder_version=\u00bb4.27.4&#8243; _module_preset=\u00bbdefault\u00bb width=\u00bb95%\u00bb max_width=\u00bb1250px\u00bb custom_padding=\u00bb|20px||20px|false|true\u00bb global_colors_info=\u00bb{}\u00bb][et_pb_column type=\u00bb4_4&#8243; _builder_version=\u00bb4.27.4&#8243; _module_preset=\u00bbdefault\u00bb global_colors_info=\u00bb{}\u00bb][et_pb_text _builder_version=\u00bb4.27.4&#8243; _module_preset=\u00bbdefault\u00bb global_colors_info=\u00bb{}\u00bb]<\/p>\n<section class=\"elementor-section elementor-top-section elementor-element elementor-element-62db2c19 elementor-section-boxed elementor-section-height-default elementor-section-height-default\" data-id=\"62db2c19\" data-element_type=\"section\">\n<div class=\"elementor-container elementor-column-gap-default\">\n<div class=\"elementor-column elementor-col-100 elementor-top-column elementor-element elementor-element-6ff0beaa\" data-id=\"6ff0beaa\" data-element_type=\"column\">\n<div class=\"elementor-widget-wrap elementor-element-populated\">\n<div class=\"elementor-element elementor-element-93b4d67 elementor-widget elementor-widget-text-editor\" data-id=\"93b4d67\" data-element_type=\"widget\" data-widget_type=\"text-editor.default\">\n<div class=\"elementor-widget-container\">\n<h2 class=\"wp-block-heading\">Datos del Responsable<\/h2>\n<p><strong>\u2013 Identidad del Responsable:<\/strong> Mar\u00eda Isabel Garc\u00eda D\u00edaz<\/p>\n<p><strong>\u2013 Supermercado Garc\u00eda:<\/strong> Supermercado Garc\u00eda<\/p>\n<p><strong>\u2013 NIF\/CIF:<\/strong> 33344181T<\/p>\n<p><strong>\u2013 Direcci\u00f3n:<\/strong> R\u00faa Rei Don Garc\u00eda, 89 Bajo, 27002 Lugo<\/p>\n<p><strong>\u2013 Correo electr\u00f3nico:<\/strong> info@carniceriagarcia.com<\/p>\n<p>En este espacio, el USUARIO, podr\u00e1 encontrar toda la informaci\u00f3n relativa a los t\u00e9rminos y condiciones legales que definen las relaciones entre los usuarios y nosotros como responsables de esta web. Como usuario, es importante que conozcas estos t\u00e9rminos antes de continuar tu navegaci\u00f3n.<\/p>\n<p>Mar\u00eda Isabel Garc\u00eda D\u00edaz como responsable de esta web, asume el compromiso de procesar la informaci\u00f3n de nuestros usuarios y clientes con plenas garant\u00edas y cumplir con los requisitos nacionales y europeos que regulan la recopilaci\u00f3n y uso de los datos personales de nuestros usuarios.<\/p>\n<p>Esta web, por tanto, cumple rigurosamente con el RGPD (REGLAMENTO (UE) 2016\/679 de protecci\u00f3n de datos) y la LSSI-CE la Ley 34\/2002, de 11 de julio, de servicios de la sociedad de la informaci\u00f3n y de comercio electr\u00f3nico.<\/p>\n<h2 class=\"wp-block-heading\">Condiciones generales de uso<\/h2>\n<p>Las presentes Condiciones Generales regulan el uso (incluyendo el mero acceso) de las p\u00e1ginas de la web, integrantes del sitio web de Supermercado Garc\u00eda incluidos los contenidos y servicios puestos a disposici\u00f3n en ellas. Toda persona que acceda a la web, carniceriagarcia.com (\u201c<strong>Usuario<\/strong>\u201d) acepta someterse a las Condiciones Generales vigentes en cada momento del portal carniceriagarcia.com.<\/p>\n<h2 class=\"wp-block-heading\">Datos personales que recabamos y c\u00f3mo lo hacemos<\/h2>\n<p>Leer <a href=\"https:\/\/carniceriagarcia.com\/index.php\/politica-de-privacidad\/\">Pol\u00edtica de Privacidad<\/a><\/p>\n<h2 class=\"wp-block-heading\">Compromisos y obligaciones de los usuarios<\/h2>\n<p>El Usuario queda informado, y acepta, que el acceso a la presente web no supone, en modo alguno, el inicio de una relaci\u00f3n comercial con Supermercado Garc\u00eda. De esta forma, el usuario se compromete a utilizar el sitio Web, sus servicios y contenidos sin contravenir la legislaci\u00f3n vigente, la buena fe y el orden p\u00fablico.<\/p>\n<p>Queda prohibido el uso de la web, con fines il\u00edcitos o lesivos, o que, de cualquier forma, puedan causar perjuicio o impedir el normal funcionamiento del sitio web. Respecto de los contenidos de esta web, se proh\u00edbe:<\/p>\n<ul class=\"wp-block-list\">\n<li>Su reproducci\u00f3n, distribuci\u00f3n o modificaci\u00f3n, total o parcial, a menos que se cuente con la autorizaci\u00f3n de sus leg\u00edtimos titulares;<\/li>\n<li>Cualquier vulneraci\u00f3n de los derechos del prestador o de los leg\u00edtimos titulares;<\/li>\n<li>Su utilizaci\u00f3n para fines comerciales o publicitarios.<\/li>\n<\/ul>\n<p>En la utilizaci\u00f3n de la web, carniceriagarcia.com, el Usuario se compromete a no llevar a cabo <strong>ninguna conducta<\/strong> que pudiera da\u00f1ar la imagen, los intereses y los derechos de Supermercado Garc\u00eda o de terceros o que pudiera da\u00f1ar, inutilizar o sobrecargar el portal (indicar dominio) o que impidiera, de cualquier forma, la normal utilizaci\u00f3n de la web.<\/p>\n<p>No obstante, el Usuario debe ser consciente de que las medidas de seguridad de los sistemas inform\u00e1ticos en Internet no son enteramente fiables y que, por tanto Supermercado Garc\u00eda no puede garantizar la inexistencia de virus u otros elementos que puedan producir alteraciones en los sistemas inform\u00e1ticos (software y hardware) del Usuario o en sus documentos electr\u00f3nicos y ficheros contenidos en los mismos.<\/p>\n<h2 class=\"wp-block-heading\">Medidas de seguridad<\/h2>\n<p>Los datos personales comunicados por el usuario a Supermercado Garc\u00eda pueden ser almacenados en bases de datos automatizadas o no, cuya titularidad corresponde en exclusiva a Supermercado Garc\u00eda, asumiendo \u00e9sta todas las medidas de \u00edndole t\u00e9cnica, organizativa y de seguridad que garantizan la confidencialidad, integridad y calidad de la informaci\u00f3n contenida en las mismas de acuerdo con lo establecido en la normativa vigente en protecci\u00f3n de datos.<\/p>\n<p>La comunicaci\u00f3n entre los usuarios y Supermercado Garc\u00eda utiliza un canal seguro, y los datos transmitidos son cifrados gracias a protocolos a https, por tanto, garantizamos las mejores condiciones de seguridad para que la confidencialidad de los usuarios est\u00e9 garantizada.<\/p>\n<h2 class=\"wp-block-heading\">Reclamaciones<\/h2>\n<p>Mar\u00eda Isabel Garc\u00eda D\u00edaz (Supermercado Garc\u00eda) informa que existen hojas de reclamaci\u00f3n a disposici\u00f3n de usuarios y clientes.<\/p>\n<p>El Usuario podr\u00e1 realizar reclamaciones solicitando su hoja de reclamaci\u00f3n o remitiendo un correo electr\u00f3nico a info@supermercadogarcia.com indicando su nombre y apellidos, el servicio y\/o producto adquirido y exponiendo los motivos de su reclamaci\u00f3n.<\/p>\n<p>El usuario\/comprador podr\u00e1 notificarnos la reclamaci\u00f3n, bien a trav\u00e9s de correo electr\u00f3nico a: info@supermercadogarcia.com o bien por correo postal dirigido a: Supermercado Garc\u00eda, en la calle R\u00faa Rei Don Garc\u00eda, 89 Bajo, 27002 Lugo si lo desea, el siguiente formulario de reclamaci\u00f3n:<\/p>\n<p>A la atenci\u00f3n de: Supermercado Garc\u00eda<br \/>R\u00faa Rei Don Garc\u00eda, 89 Bajo, 27002 Lugo<br \/>E-mail: info@carniceriagarcia.com<\/p>\n<p>El servicio\/producto:<br \/>Adquirido el d\u00eda:<br \/>Nombre del usuario:<br \/>Domicilio del usuario:<br \/>Firma del usuario (solo si se presenta en papel):<br \/>Fecha:<br \/>Motivo de la reclamaci\u00f3n:<\/p>\n<h2 class=\"wp-block-heading\">Plataforma de resoluci\u00f3n de conflictos<\/h2>\n<p>Por si puede ser de tu inter\u00e9s, para someter tus reclamaciones puedes utilizar tambi\u00e9n la plataforma de resoluci\u00f3n de litigios que facilita la Comisi\u00f3n Europea y que se encuentra disponible en el siguiente enlace:<a href=\"http:\/\/ec.europa.eu\/consumers\/odr\/\"> http:\/\/ec.europa.eu\/consumers\/odr\/<\/a><\/p>\n<h2 class=\"wp-block-heading\">Derechos de propiedad intelectual e industrial<\/h2>\n<p>En virtud de lo dispuesto en los art\u00edculos 8 y 32.1, p\u00e1rrafo segundo, de la Ley de Propiedad Intelectual, quedan expresamente prohibidas la reproducci\u00f3n, la distribuci\u00f3n y la comunicaci\u00f3n p\u00fablica, incluida su modalidad de puesta a disposici\u00f3n, de la totalidad o parte de los contenidos de esta p\u00e1gina web, con fines comerciales, en cualquier soporte y por cualquier medio t\u00e9cnico, sin la autorizaci\u00f3n de Supermercado Garc\u00eda. El usuario se compromete a respetar los derechos de Propiedad Intelectual e Industrial titularidad de Supermercado Garc\u00eda.<\/p>\n<p>El usuario conoce y acepta que la totalidad del sitio web, conteniendo sin car\u00e1cter exhaustivo el texto, software, contenidos (incluyendo estructura, selecci\u00f3n, ordenaci\u00f3n y presentaci\u00f3n de los mismos) podcast, fotograf\u00edas, material audiovisual y gr\u00e1ficos, est\u00e1 protegida por marcas, derechos de autor y otros derechos leg\u00edtimos, de acuerdo con los tratados internacionales en los que Espa\u00f1a es parte y otros derechos de propiedad y leyes de Espa\u00f1a.<\/p>\n<p>En el caso de que un usuario o un tercero consideren que se ha producido una violaci\u00f3n de sus leg\u00edtimos derechos de propiedad intelectual por la introducci\u00f3n de un determinado contenido en la web, deber\u00e1 notificar dicha circunstancia a Supermercado Garc\u00eda indicando:<\/p>\n<ul class=\"wp-block-list\">\n<li>Datos personales del interesado titular de los derechos presuntamente infringidos, o indicar la representaci\u00f3n con la que act\u00faa en caso de que la reclamaci\u00f3n la presente un tercero distinto del interesado.<\/li>\n<li>Se\u00f1alar los contenidos protegidos por los derechos de propiedad intelectual y su ubicaci\u00f3n en la web, la acreditaci\u00f3n de los derechos de propiedad intelectual se\u00f1alados y declaraci\u00f3n expresa en la que el interesado se responsabiliza de la veracidad de las informaciones facilitadas en la notificaci\u00f3n<\/li>\n<\/ul>\n<h2 class=\"wp-block-heading\">Enlaces externos<\/h2>\n<p>Las p\u00e1ginas de la web carniceriagarcia.com, proporciona enlaces a otros sitios web propios y contenidos que son propiedad de terceros tales como:<\/p>\n<ul class=\"wp-block-list\">\n<li>Contenidos de otras web<\/li>\n<li>Informaci\u00f3n<\/li>\n<li>Recursos<\/li>\n<\/ul>\n<p>El \u00fanico objeto de los enlaces es proporcionar al Usuario la posibilidad de acceder a dichos enlaces.<\/p>\n<p>Supermercado Garc\u00eda no se responsabiliza en ning\u00fan caso de los resultados que puedan derivarse al Usuario por acceso a dichos enlaces.<\/p>\n<p>Asimismo, el usuario encontrar\u00e1 dentro de este sitio, p\u00e1ginas, promociones, programas de afiliados que acceden a los h\u00e1bitos de navegaci\u00f3n de los usuarios para establecer perfiles. Esta informaci\u00f3n siempre es an\u00f3nima y no se identifica al usuario.<\/p>\n<p>La Informaci\u00f3n que se proporcione en estos Sitios patrocinado o enlaces de afiliados est\u00e1 sujeta a las pol\u00edticas de privacidad que se utilicen en dichos Sitios y no estar\u00e1 sujeta a esta pol\u00edtica de privacidad. Por lo que recomendamos ampliamente a los Usuarios a revisar detalladamente las pol\u00edticas de privacidad de los enlaces de afiliado.<\/p>\n<p>El Usuario que se proponga establecer cualquier dispositivo t\u00e9cnico de enlace desde su sitio web al portal carniceriagarcia.com deber\u00e1 obtener la autorizaci\u00f3n previa y escrita de Mar\u00eda Isabel Garc\u00eda D\u00edaz. El establecimiento del enlace no implica en ning\u00fan caso la existencia de relaciones entre Supermercado Garc\u00eda y el propietario del sitio en el que se establezca el enlace, ni la aceptaci\u00f3n o aprobaci\u00f3n por parte de Supermercado Garc\u00eda de sus contenidos o servicios<\/p>\n<h2 class=\"wp-block-heading\">Pol\u00edtica de comentarios<\/h2>\n<p>En nuestra web se permiten realizar comentarios para enriquecer los contenidos y realizar consultas.<\/p>\n<p>No se admitir\u00e1n comentarios que no est\u00e9n relacionados con la tem\u00e1tica de esta web, que incluyan difamaciones, agravios, insultos, ataques personales o faltas de respeto en general hacia el autor o hacia otros miembros.<\/p>\n<p>Tambi\u00e9n ser\u00e1n suprimidos los comentarios que contengan informaci\u00f3n que sea obviamente enga\u00f1osa o falsa, as\u00ed como los comentarios que contengan informaci\u00f3n personal, como, por ejemplo, domicilios privado o tel\u00e9fonos y que vulneren nuestra pol\u00edtica de protecci\u00f3n de datos.<\/p>\n<p>Se desestimar\u00e1, igualmente, aquellos comentarios creados s\u00f3lo con fines promocionales de una web, persona o colectivo y todo lo que pueda ser considerado spam en general.<\/p>\n<p>No se permiten comentarios an\u00f3nimos, as\u00ed como aquellos realizados por una misma persona con distintos apodos. No se considerar\u00e1n tampoco aquellos comentarios que intenten forzar un debate o una toma de postura por otro usuario.<\/p>\n<h2 class=\"wp-block-heading\">Exclusi\u00f3n de garant\u00edas y responsabilidades<\/h2>\n<p>El Prestador no otorga ninguna garant\u00eda ni se hace responsable, en ning\u00fan caso, de los da\u00f1os y perjuicios de cualquier naturaleza que pudieran traer causa de:<\/p>\n<ul class=\"wp-block-list\">\n<li>La falta de disponibilidad, mantenimiento y efectivo funcionamiento de la web, o de sus servicios y contenidos;<\/li>\n<li>La existencia de virus, programas maliciosos o lesivos en los contenidos;<\/li>\n<li>El uso il\u00edcito, negligente, fraudulento o contrario a este Aviso Legal;<\/li>\n<li>La falta de licitud, calidad, fiabilidad, utilidad y disponibilidad de los servicios prestados por terceros y puestos a disposici\u00f3n de los usuarios en el sitio web.<\/li>\n<li>El prestador no se hace responsable bajo ning\u00fan concepto de los da\u00f1os que pudieran dimanar del uso ilegal o indebido de la presente p\u00e1gina web.<\/li>\n<\/ul>\n<h2 class=\"wp-block-heading\">Ley aplicable y jurisdicci\u00f3n<\/h2>\n<p>Con car\u00e1cter general las relaciones entre Supermercado Garc\u00eda con los Usuarios de sus servicios telem\u00e1ticos, presentes en esta web se encuentran sometidas a la legislaci\u00f3n y jurisdicci\u00f3n espa\u00f1olas y a los tribunales de Lugo.<\/p>\n<h2 class=\"wp-block-heading\">Contacto<\/h2>\n<p>En caso de que cualquier Usuario tuviese alguna duda acerca de estas Condiciones legales o cualquier comentario sobre el portal carniceriagarcia.com, por favor dir\u00edjase a info@carniceriagarcia.com<\/p>\n<\/div>\n<\/div>\n<\/div>\n<\/div>\n<\/div>\n<\/section>\n<p>[\/et_pb_text][\/et_pb_column][\/et_pb_row][\/et_pb_section]<\/p>\n","protected":false},"excerpt":{"rendered":"<p>Carnicer\u00eda Garc\u00edaAVISO LEGAL Datos del Responsable \u2013 Identidad del Responsable: Mar\u00eda Isabel Garc\u00eda D\u00edaz \u2013 Supermercado Garc\u00eda: Supermercado Garc\u00eda \u2013 NIF\/CIF: 33344181T \u2013 Direcci\u00f3n: R\u00faa Rei Don Garc\u00eda, 89 Bajo, 27002 Lugo \u2013 Correo electr\u00f3nico: info@carniceriagarcia.com En este espacio, el USUARIO, podr\u00e1 encontrar toda la informaci\u00f3n relativa a los t\u00e9rminos y condiciones legales que definen [&hellip;]<\/p>\n","protected":false},"author":1,"featured_media":0,"parent":0,"menu_order":0,"comment_status":"closed","ping_status":"closed","template":"","meta":{"_et_pb_use_builder":"on","_et_pb_old_content":"","_et_gb_content_width":"","footnotes":""},"class_list":["post-146","page","type-page","status-publish","hentry"],"_links":{"self":[{"href":"https:\/\/carniceriagarcia.com\/index.php\/wp-json\/wp\/v2\/pages\/146","targetHints":{"allow":["GET"]}}],"collection":[{"href":"https:\/\/carniceriagarcia.com\/index.php\/wp-json\/wp\/v2\/pages"}],"about":[{"href":"https:\/\/carniceriagarcia.com\/index.php\/wp-json\/wp\/v2\/types\/page"}],"author":[{"embeddable":true,"href":"https:\/\/carniceriagarcia.com\/index.php\/wp-json\/wp\/v2\/users\/1"}],"replies":[{"embeddable":true,"href":"https:\/\/carniceriagarcia.com\/index.php\/wp-json\/wp\/v2\/comments?post=146"}],"version-history":[{"count":4,"href":"https:\/\/carniceriagarcia.com\/index.php\/wp-json\/wp\/v2\/pages\/146\/revisions"}],"predecessor-version":[{"id":167,"href":"https:\/\/carniceriagarcia.com\/index.php\/wp-json\/wp\/v2\/pages\/146\/revisions\/167"}],"wp:attachment":[{"href":"https:\/\/carniceriagarcia.com\/index.php\/wp-json\/wp\/v2\/media?parent=146"}],"curies":[{"name":"wp","href":"https:\/\/api.w.org\/{rel}","templated":true}]}}